{"id":37,"date":"2017-08-15T11:39:19","date_gmt":"2017-08-15T11:39:19","guid":{"rendered":"http:\/\/babynit.com\/?page_id=37"},"modified":"2024-11-04T12:15:52","modified_gmt":"2024-11-04T12:15:52","slug":"contacto","status":"publish","type":"page","link":"https:\/\/babynit.com\/es\/contacto\/","title":{"rendered":"Contacto"},"content":{"rendered":"<p><\/p>\n<div class=\"x-cent-50\">\n<h4>DIRECCI\u00d3N<\/h4>\n<p>Calle Anoia s\/n, nave 7<br \/>\nPol\u00edgono Industrial Can Bernades Subir\u00e0<br \/>\n08130 Santa Perp\u00e8tua de Mogoda (Barcelona) Espa\u00f1a<\/p>\n<h4 class=\"padding-top-30\">TEL\u00c9FONO<\/h4>\n<p>(+34) 935 740 210<\/p>\n<h4>\n<span style=\"font-size: 14pt;\">E-MAIL:<\/span><\/h4>\n<p>babynit@babynit.com<\/p>\n<\/div>\n<div class=\"x-cent-50\"><iframe loading=\"lazy\" style=\"border: 0;\" src=\"https:\/\/www.google.com\/maps\/embed?pb=!1m18!1m12!1m3!1d2985.689266997216!2d2.172160115699404!3d41.55432477924927!2m3!1f0!2f0!3f0!3m2!1i1024!2i768!4f13.1!3m3!1m2!1s0x12a4bfa461dbb7e5%3A0x1ce3dd05ebf2aa61!2sBaby+Nit!5e0!3m2!1ses!2ses!4v1505381571238\" width=\"420\" height=\"360\" frameborder=\"0\" allowfullscreen=\"allowfullscreen\"><\/iframe><\/div>\n<p><\/p>","protected":false},"excerpt":{"rendered":"<p>DIRECCI\u00d3N Calle Anoia s\/n, nave 7 Pol\u00edgono Industrial Can Bernades Subir\u00e0 08130 Santa Perp\u00e8tua de Mogoda (Barcelona) Espa\u00f1a TEL\u00c9FONO (+34) 935 740 210 E-MAIL: babynit@babynit.com<\/p>\n","protected":false},"author":1,"featured_media":0,"parent":0,"menu_order":3,"comment_status":"closed","ping_status":"closed","template":"","meta":{"footnotes":""},"class_list":["post-37","page","type-page","status-publish","hentry"],"_links":{"self":[{"href":"https:\/\/babynit.com\/es\/wp-json\/wp\/v2\/pages\/37"}],"collection":[{"href":"https:\/\/babynit.com\/es\/wp-json\/wp\/v2\/pages"}],"about":[{"href":"https:\/\/babynit.com\/es\/wp-json\/wp\/v2\/types\/page"}],"author":[{"embeddable":true,"href":"https:\/\/babynit.com\/es\/wp-json\/wp\/v2\/users\/1"}],"replies":[{"embeddable":true,"href":"https:\/\/babynit.com\/es\/wp-json\/wp\/v2\/comments?post=37"}],"version-history":[{"count":20,"href":"https:\/\/babynit.com\/es\/wp-json\/wp\/v2\/pages\/37\/revisions"}],"predecessor-version":[{"id":131,"href":"https:\/\/babynit.com\/es\/wp-json\/wp\/v2\/pages\/37\/revisions\/131"}],"wp:attachment":[{"href":"https:\/\/babynit.com\/es\/wp-json\/wp\/v2\/media?parent=37"}],"curies":[{"name":"wp","href":"https:\/\/api.w.org\/{rel}","templated":true}]}}